{"id":30,"date":"2025-01-05T15:25:01","date_gmt":"2025-01-05T06:25:01","guid":{"rendered":"http:\/\/ot-aomori.com\/?page_id=30"},"modified":"2026-05-01T23:06:58","modified_gmt":"2026-05-01T14:06:58","slug":"%e5%ba%97%e8%88%97%e6%83%85%e5%a0%b1","status":"publish","type":"page","link":"https:\/\/ot-aomori.com\/?page_id=30","title":{"rendered":"\u304a\u554f\u3044\u5408\u308f\u305b\u306f\u3053\u3061\u3089\u304b\u3089"},"content":{"rendered":"\n<p>\u96fb\u8a71\u30fbLINE\u30fb\u30e1\u30fc\u30eb\u306b\u3066\u304a\u554f\u3044\u5408\u308f\u305b\u304c\u53ef\u80fd\u3067\u3059\u3002<br>\u96fb\u8a71\u306f\u696d\u52d9\u72b6\u6cc1\u306b\u3088\u308a\u6298\u308a\u8fd4\u3057\u306e\u3054\u9023\u7d61\u3068\u306a\u308b\u5834\u5408\u304c\u3054\u3056\u3044\u307e\u3059\u3002<br>\u3054\u4e86\u627f\u304f\u3060\u3055\u3044\u3002LINE\u30fb\u304a\u554f\u5408\u305b\u30d5\u30a9\u30fc\u30e0\u304b\u3089\u306e\u8fd4\u4fe1\u306f24\u6642\u9593\u4ee5\u5185\u306b\u5bfe\u5fdc\u3055\u305b\u3066\u3044\u305f\u3060\u304d\u307e\u3059\u3002\u304a\u6025\u304e\u306e\u969b\u306f\u304a\u96fb\u8a71\u306b\u3066\u3054\u9023\u7d61\u304f\u3060\u3055\u3044\u3002<\/p>\n\n\n\n<h2 class=\"wp-block-heading\">LINE\u3067\u306e\u304a\u554f\u3044\u5408\u308f\u305b<\/h2>\n\n\n\n<section class=\"wp-block-oltana-blocks-simplebox ol-oltana-block-container\"><div id=\"block-41eac940-d704-4e7f-85cd-86f70ad6859b\" class=\"ol-oltana-block ol-block__box ol-simple-box1\n\t\t\t\t\t\"><div class=\"ol-block__box-inner\">\n<p>\u53cb\u9054\u8ffd\u52a0\u306e\u4e0a\u3001LINE\u3067\u304a\u554f\u3044\u5408\u308f\u305b\u5185\u5bb9\u3092\u304a\u4f1d\u3048\u304f\u3060\u3055\u3044\u3002\u30c6\u30ad\u30b9\u30c8\u3067\u3082\u901a\u8a71\u3067\u3082OK\u3067\u3059\uff01\u753b\u50cf\u3067\u306e\u3084\u308a\u53d6\u308a\u304c\u975e\u5e38\u306b\u4fbf\u5229\u3067\u3059\u306e\u3067\u3001\u305c\u3072\u3054\u5229\u7528\u304f\u3060\u3055\u3044\uff01<\/p>\n\n\n\n<section class=\"wp-block-oltana-blocks-button ol-oltana-block ol-block__button\"><div class=\"ol-btn-block ol-btn-type1\"><div class=\"ol-btn-block-inner ol-btn-size-large\"><a href=\"https:\/\/line.me\/ti\/p\/H_LAgrq6Mu\" class=\"ol-btn-large\"><span>\u30bf\u30c3\u30d7\u3067\u53cb\u9054\u8ffd\u52a0<\/span><\/a><\/div><\/div><\/section>\n\n\n\n<figure class=\"wp-block-image size-large is-style-default\"><img loading=\"lazy\" decoding=\"async\" width=\"1024\" height=\"410\" src=\"https:\/\/ot-aomori.com\/wp-content\/uploads\/2026\/05\/\u3068\u3082\u3060\u3061\u8ffd\u52a0-1024x410.png\" alt=\"\" class=\"wp-image-505\"\/><\/figure>\n\n\n\n<figure class=\"wp-block-image size-large\"><img loading=\"lazy\" decoding=\"async\" width=\"1024\" height=\"410\" src=\"https:\/\/ot-aomori.com\/wp-content\/uploads\/2026\/05\/\u3068\u3082\u3060\u3061\u8ffd\u52a0-2-1024x410.png\" alt=\"\" class=\"wp-image-507\"\/><\/figure>\n<\/div><\/div><\/section>\n\n\n\n<h2 class=\"wp-block-heading\">\u304a\u554f\u3044\u5408\u308f\u305b\u30d5\u30a9\u30fc\u30e0<\/h2>\n\n\n\n<section class=\"wp-block-oltana-blocks-simplebox ol-oltana-block-container\"><div id=\"block-23a50b7a-9f8f-4539-8909-9837bd2e7f64\" class=\"ol-oltana-block ol-block__box ol-simple-box1\n\t\t\t\t\t\"><div class=\"ol-block__box-inner\">\n<p>\u30d5\u30a9\u30fc\u30e0\u304b\u3089\u9001\u4fe1\u5f8c\u3001\u81ea\u52d5\u8fd4\u4fe1\u30e1\u30fc\u30eb\u304c\u5c4a\u304d\u307e\u3059\u3002<br>\u304a\u5ba2\u69d8\u306e\u8a2d\u5b9a\u306b\u3088\u3063\u3066\u306f\u8ff7\u60d1\u30d5\u30a9\u30eb\u30c0\u306b\u5206\u985e\u3055\u308c\u308b\u3053\u3068\u3082\u3042\u308a\u307e\u3059\u306e\u3067\u3001\u4e00\u5ea6\u3054\u78ba\u8a8d\u304f\u3060\u3055\u3044\u3002<br>\u203b\u306f\u5fc5\u9808\u9805\u76ee\u3068\u306a\u308a\u307e\u3059\u3002<\/p>\n\n\n\n<div class=\"wpcf7 no-js\" id=\"wpcf7-f305-o1\" lang=\"ja\" dir=\"ltr\" data-wpcf7-id=\"305\">\n<div class=\"screen-reader-response\"><p role=\"status\" aria-live=\"polite\" aria-atomic=\"true\"><\/p> <ul><\/ul><\/div>\n<form action=\"\/index.php?rest_route=%2Fwp%2Fv2%2Fpages%2F30#wpcf7-f305-o1\" method=\"post\" class=\"wpcf7-form init\" aria-label=\"\u30b3\u30f3\u30bf\u30af\u30c8\u30d5\u30a9\u30fc\u30e0\" novalidate=\"novalidate\" data-status=\"init\">\n<fieldset class=\"hidden-fields-container\"><input type=\"hidden\" name=\"_wpcf7\" value=\"305\" \/><input type=\"hidden\" name=\"_wpcf7_version\" value=\"6.1.5\" \/><input type=\"hidden\" name=\"_wpcf7_locale\" value=\"ja\" \/><input type=\"hidden\" name=\"_wpcf7_unit_tag\" value=\"wpcf7-f305-o1\" \/><input type=\"hidden\" name=\"_wpcf7_container_post\" value=\"0\" \/><input type=\"hidden\" name=\"_wpcf7_posted_data_hash\" value=\"\" \/><input type=\"hidden\" name=\"_wpcf7_recaptcha_response\" value=\"\" \/>\n<\/fieldset>\n<table class=\"CF7_table\">\n\t<tr>\n\t\t<th>\n\t\t\t<p><span class=\"CF7_req\">\u203b<\/span> \u3054\u76f8\u8ac7\u5185\u5bb9\n\t\t\t<\/p>\n\t\t<\/th>\n\t\t<td>\n\t\t\t<p><span class=\"wpcf7-form-control-wrap\" data-name=\"checkbox-inq\"><span class=\"wpcf7-form-control wpcf7-checkbox wpcf7-validates-as-required\"><span class=\"wpcf7-list-item first\"><input type=\"checkbox\" name=\"checkbox-inq[]\" value=\"\u3054\u76f8\u8ac7\" \/><span class=\"wpcf7-list-item-label\">\u3054\u76f8\u8ac7<\/span><\/span><span class=\"wpcf7-list-item\"><input type=\"checkbox\" name=\"checkbox-inq[]\" value=\"\u304a\u898b\u7a4d\u3082\u308a\" \/><span class=\"wpcf7-list-item-label\">\u304a\u898b\u7a4d\u3082\u308a<\/span><\/span><span class=\"wpcf7-list-item\"><input type=\"checkbox\" name=\"checkbox-inq[]\" value=\"\u304a\u554f\u3044\u5408\u308f\u305b\" \/><span class=\"wpcf7-list-item-label\">\u304a\u554f\u3044\u5408\u308f\u305b<\/span><\/span><span class=\"wpcf7-list-item last\"><input type=\"checkbox\" name=\"checkbox-inq[]\" value=\"\u305d\u306e\u4ed6\" \/><span class=\"wpcf7-list-item-label\">\u305d\u306e\u4ed6<\/span><\/span><\/span><\/span>\n\t\t\t<\/p>\n\t\t<\/td>\n\t<\/tr>\n\t<tr>\n\t\t<th>\n\t\t\t<p><span class=\"CF7_req\">\u203b<\/span> \u304a\u540d\u524d\n\t\t\t<\/p>\n\t\t<\/th>\n\t\t<td>\n\t\t\t<p><span class=\"wpcf7-form-control-wrap\" data-name=\"your-name\"><input size=\"40\" maxlength=\"400\" class=\"wpcf7-form-control wpcf7-text wpcf7-validates-as-required\" aria-required=\"true\" aria-invalid=\"false\" placeholder=\"\u4f8b\uff1a\u3042\u306a\u305f\u306e\u304a\u540d\u524d\" value=\"\" type=\"text\" name=\"your-name\" \/><\/span>\n\t\t\t<\/p>\n\t\t<\/td>\n\t<\/tr>\n\t<tr>\n\t\t<th>\n\t\t\t<p><span class=\"CF7_req\">\u203b<\/span> \u30e1\u30fc\u30eb\u30a2\u30c9\u30ec\u30b9\n\t\t\t<\/p>\n\t\t<\/th>\n\t\t<td>\n\t\t\t<p><span class=\"wpcf7-form-control-wrap\" data-name=\"your-email\"><input size=\"40\" maxlength=\"400\" class=\"wpcf7-form-control wpcf7-email wpcf7-validates-as-required wpcf7-text wpcf7-validates-as-email\" aria-required=\"true\" aria-invalid=\"false\" placeholder=\"\u4f8b\uff1a\u00d7\u00d7\u00d7@\u00d7\u00d7\u00d7.com\" value=\"\" type=\"email\" name=\"your-email\" \/><\/span>\n\t\t\t<\/p>\n\t\t<\/td>\n\t<\/tr>\n\t<tr>\n\t\t<th>\n\t\t\t<p><span class=\"CF7_unreq\"><\/span>\u4f1a\u793e\u540d\n\t\t\t<\/p>\n\t\t<\/th>\n\t\t<td>\n\t\t\t<p><span class=\"wpcf7-form-control-wrap\" data-name=\"your-company\"><input size=\"40\" maxlength=\"400\" class=\"wpcf7-form-control wpcf7-text\" aria-invalid=\"false\" placeholder=\"\u4f8b\uff1a\u25ef\u25ef\u682a\u5f0f\u4f1a\u793e\" value=\"\" type=\"text\" name=\"your-company\" \/><\/span>\n\t\t\t<\/p>\n\t\t<\/td>\n\t<\/tr>\n\t<tr>\n\t\t<th>\n\t\t\t<p><span class=\"CF7_req\">\u203b<\/span>\u90f5\u4fbf\u756a\u53f7\n\t\t\t<\/p>\n\t\t<\/th>\n\t\t<td>\n\t\t\t<p><span class=\"wpcf7-form-control-wrap\" data-name=\"zip\"><input size=\"40\" maxlength=\"400\" class=\"wpcf7-form-control wpcf7-text wpcf7-validates-as-required\" id=\"zip\" aria-required=\"true\" aria-invalid=\"false\" placeholder=\"\u4f8b\uff1a123-4567\" value=\"\" type=\"text\" name=\"zip\" \/><\/span>\n\t\t\t<\/p>\n\t\t<\/td>\n\t<\/tr>\n\t<tr>\n\t\t<th>\n\t\t\t<p><span class=\"CF7_req\">\u203b<\/span>\u90fd\u9053\u5e9c\u770c\n\t\t\t<\/p>\n\t\t<\/th>\n\t\t<td>\n\t\t\t<p><span class=\"wpcf7-form-control-wrap\" data-name=\"pref\"><input size=\"40\" maxlength=\"400\" class=\"wpcf7-form-control wpcf7-text wpcf7-validates-as-required\" id=\"pref\" aria-required=\"true\" aria-invalid=\"false\" placeholder=\"\u4f8b\uff1a\u6771\u4eac\u90fd\" value=\"\" type=\"text\" name=\"pref\" \/><\/span>\n\t\t\t<\/p>\n\t\t<\/td>\n\t<\/tr>\n\t<tr>\n\t\t<th>\n\t\t\t<p><span class=\"CF7_req\">\u203b<\/span>\u3054\u4f4f\u6240\n\t\t\t<\/p>\n\t\t<\/th>\n\t\t<td class=\"address-100\">\n\t\t\t<p><span class=\"wpcf7-form-control-wrap\" data-name=\"addr\"><input size=\"40\" maxlength=\"400\" class=\"wpcf7-form-control wpcf7-text wpcf7-validates-as-required\" id=\"addr\" aria-required=\"true\" aria-invalid=\"false\" placeholder=\"\u4f8b\uff1a\u4e2d\u592e\u533a\u9280\u5ea7\uff11\uff12\uff13\uff14\uff15\" value=\"\" type=\"text\" name=\"addr\" \/><\/span>\n\t\t\t<\/p>\n\t\t<\/td>\n\t<\/tr>\n\t<tr>\n\t\t<th>\n\t\t\t<p><span class=\"CF7_req\">\u203b<\/span>\u304a\u96fb\u8a71\u756a\u53f7\n\t\t\t<\/p>\n\t\t<\/th>\n\t\t<td>\n\t\t\t<p><span class=\"wpcf7-form-control-wrap\" data-name=\"your-tel\"><input size=\"40\" maxlength=\"400\" class=\"wpcf7-form-control wpcf7-text wpcf7-validates-as-required\" aria-required=\"true\" aria-invalid=\"false\" placeholder=\"\u4f8b\uff1a03-1234-5678\" value=\"\" type=\"text\" name=\"your-tel\" \/><\/span>\n\t\t\t<\/p>\n\t\t<\/td>\n\t<\/tr>\n\t<tr>\n\t\t<th>\n\t\t\t<p><span class=\"CF7_req\">\u203b<\/span>\u30e1\u30c3\u30bb\u30fc\u30b8\u672c\u6587\n\t\t\t<\/p>\n\t\t<\/th>\n\t\t<td class=\"message-100\">\n\t\t\t<p><span class=\"wpcf7-form-control-wrap\" data-name=\"your-message\"><textarea cols=\"40\" rows=\"10\" maxlength=\"2000\" class=\"wpcf7-form-control wpcf7-textarea wpcf7-validates-as-required\" aria-required=\"true\" aria-invalid=\"false\" placeholder=\"\u304a\u554f\u3044\u5408\u308f\u305b\u5185\u5bb9\u3092\u3054\u8a18\u5165\u304f\u3060\u3055\u3044\" name=\"your-message\"><\/textarea><\/span>\n\t\t\t<\/p>\n\t\t<\/td>\n\t<\/tr>\n<\/table>\n<p class=\"CF7_btn\"><input class=\"wpcf7-form-control wpcf7-submit has-spinner\" type=\"submit\" value=\"\u9001\u4fe1\u3059\u308b\" \/>\n<\/p><div class=\"wpcf7-response-output\" aria-hidden=\"true\"><\/div>\n<\/form>\n<\/div>\n\n<\/div><\/div><\/section>\n\n\n\n<p><\/p>\n","protected":false},"excerpt":{"rendered":"<p>\u96fb\u8a71\u30fbLINE\u30fb\u30e1\u30fc\u30eb\u306b\u3066\u304a\u554f\u3044\u5408\u308f\u305b\u304c\u53ef\u80fd\u3067\u3059\u3002\u96fb\u8a71\u306f\u696d\u52d9\u72b6\u6cc1\u306b\u3088\u308a\u6298\u308a\u8fd4\u3057\u306e\u3054\u9023\u7d61\u3068\u306a\u308b\u5834\u5408\u304c\u3054\u3056\u3044\u307e\u3059\u3002\u3054\u4e86\u627f\u304f\u3060\u3055\u3044\u3002LINE\u30fb\u304a\u554f\u5408\u305b\u30d5\u30a9\u30fc\u30e0\u304b\u3089\u306e\u8fd4\u4fe1\u306f24\u6642\u9593\u4ee5\u5185\u306b\u5bfe\u5fdc\u3055\u305b\u3066\u3044\u305f\u3060\u304d\u307e\u3059\u3002\u304a\u6025\u304e\u306e\u969b\u306f\u304a\u96fb\u8a71 [&hellip;]<\/p>\n","protected":false},"author":1,"featured_media":0,"parent":0,"menu_order":0,"comment_status":"closed","ping_status":"closed","template":"","meta":{"_oltana_page_subtitle":"","_oltana_page_title_toggle":true,"_oltana_meta_display":false,"_oltana_page_head_main_copy":"","_oltana_page_head_sub_copy":"","_oltana_page_head_image":"","_oltana_page_head_bg_image":"","_oltana_page_head_bg_image_repeat":false,"_oltana_page_head_sub_copy_color":"","_oltana_page_head_main_copy_color":"","_oltana_snsbutton_display":true,"_oltana_thumbnail_display":false,"_oltana_contact_display":false,"_oltana_profile_display":false,"_oltana_seotitle_display":"","_oltana_description_display":"","_oltana_hastag_display":"","_oltana_canonical_display":"","_oltana_noindex_display":false,"_oltana_headtag_article":"","footnotes":""},"class_list":["post-30","page","type-page","status-publish","hentry"],"_links":{"self":[{"href":"https:\/\/ot-aomori.com\/index.php?rest_route=\/wp\/v2\/pages\/30","targetHints":{"allow":["GET"]}}],"collection":[{"href":"https:\/\/ot-aomori.com\/index.php?rest_route=\/wp\/v2\/pages"}],"about":[{"href":"https:\/\/ot-aomori.com\/index.php?rest_route=\/wp\/v2\/types\/page"}],"author":[{"embeddable":true,"href":"https:\/\/ot-aomori.com\/index.php?rest_route=\/wp\/v2\/users\/1"}],"replies":[{"embeddable":true,"href":"https:\/\/ot-aomori.com\/index.php?rest_route=%2Fwp%2Fv2%2Fcomments&post=30"}],"version-history":[{"count":37,"href":"https:\/\/ot-aomori.com\/index.php?rest_route=\/wp\/v2\/pages\/30\/revisions"}],"predecessor-version":[{"id":509,"href":"https:\/\/ot-aomori.com\/index.php?rest_route=\/wp\/v2\/pages\/30\/revisions\/509"}],"wp:attachment":[{"href":"https:\/\/ot-aomori.com\/index.php?rest_route=%2Fwp%2Fv2%2Fmedia&parent=30"}],"curies":[{"name":"wp","href":"https:\/\/api.w.org\/{rel}","templated":true}]}}